{"id":20735,"date":"2019-11-25T17:08:51","date_gmt":"2019-11-25T16:08:51","guid":{"rendered":"https:\/\/www.terrecevico.com\/certificazioni\/"},"modified":"2026-02-11T11:41:47","modified_gmt":"2026-02-11T10:41:47","slug":"certifications","status":"publish","type":"page","link":"https:\/\/www.terrecevico.com\/en\/certifications\/","title":{"rendered":"Certifications"},"content":{"rendered":"<p class=\"p1\">Our clients and consumers represent the most important part of our business. It is for them that we have obtained quality certifications, and why we continue seeking to improve our overall management, as demonstrated by the accolades received by the company and the awards won by the wines we produce.<\/p>\n","protected":false},"excerpt":{"rendered":"<p>Our clients and consumers represent the most important part of our business. It is for them that we have obtained quality certifications, and why we continue seeking to improve our overall management, as demonstrated by the accolades received by the company and the awards won by the wines we produce.<\/p>\n","protected":false},"author":1,"featured_media":11833,"parent":0,"menu_order":0,"comment_status":"closed","ping_status":"closed","template":"page_CERTIFICAZIONI_NEW.php","meta":{"_acf_changed":false,"inline_featured_image":false,"footnotes":""},"class_list":["post-20735","page","type-page","status-publish","has-post-thumbnail","hentry"],"acf":[],"yoast_head":"<!-- This site is optimized with the Yoast SEO plugin v24.0 - https:\/\/yoast.com\/wordpress\/plugins\/seo\/ -->\n<title>Lo facciamo per i nostri clienti e consumatori | Certificazioni | Terre Cevico<\/title>\n<meta name=\"description\" content=\"Clienti e consumatori costituiscono l\u2019anello pi\u00f9 importante. Per loro si sono attivate le Certificazioni di qualit\u00e0, cos\u00ec come il miglioramento gestionale.\" \/>\n<meta name=\"robots\" content=\"index, follow, max-snippet:-1, max-image-preview:large, max-video-preview:-1\" \/>\n<link rel=\"canonical\" href=\"https:\/\/www.terrecevico.com\/en\/certifications\/\" \/>\n<meta property=\"og:locale\" content=\"en_US\" \/>\n<meta property=\"og:type\" content=\"article\" \/>\n<meta property=\"og:title\" content=\"Lo facciamo per i nostri clienti e consumatori | Certificazioni | Terre Cevico\" \/>\n<meta property=\"og:description\" content=\"Clienti e consumatori costituiscono l\u2019anello pi\u00f9 importante. Per loro si sono attivate le Certificazioni di qualit\u00e0, cos\u00ec come il miglioramento gestionale.\" \/>\n<meta property=\"og:url\" content=\"https:\/\/www.terrecevico.com\/en\/certifications\/\" \/>\n<meta property=\"og:site_name\" content=\"Terre Cevico\" \/>\n<meta property=\"article:modified_time\" content=\"2026-02-11T10:41:47+00:00\" \/>\n<meta property=\"og:image\" content=\"https:\/\/www.terrecevico.com\/wp-content\/uploads\/2019\/01\/certificazioni_visual.jpg\" \/>\n\t<meta property=\"og:image:width\" content=\"1400\" \/>\n\t<meta property=\"og:image:height\" content=\"394\" \/>\n\t<meta property=\"og:image:type\" content=\"image\/jpeg\" \/>\n<meta name=\"twitter:card\" content=\"summary_large_image\" \/>\n<meta name=\"twitter:label1\" content=\"Est. reading time\" \/>\n\t<meta name=\"twitter:data1\" content=\"1 minute\" \/>\n<script type=\"application\/ld+json\" class=\"yoast-schema-graph\">{\"@context\":\"https:\/\/schema.org\",\"@graph\":[{\"@type\":\"WebPage\",\"@id\":\"https:\/\/www.terrecevico.com\/en\/certifications\/\",\"url\":\"https:\/\/www.terrecevico.com\/en\/certifications\/\",\"name\":\"Lo facciamo per i nostri clienti e consumatori | Certificazioni | Terre Cevico\",\"isPartOf\":{\"@id\":\"https:\/\/www.terrecevico.com\/en\/#website\"},\"primaryImageOfPage\":{\"@id\":\"https:\/\/www.terrecevico.com\/en\/certifications\/#primaryimage\"},\"image\":{\"@id\":\"https:\/\/www.terrecevico.com\/en\/certifications\/#primaryimage\"},\"thumbnailUrl\":\"https:\/\/www.terrecevico.com\/wp-content\/uploads\/2019\/01\/certificazioni_visual.jpg\",\"datePublished\":\"2019-11-25T16:08:51+00:00\",\"dateModified\":\"2026-02-11T10:41:47+00:00\",\"description\":\"Clienti e consumatori costituiscono l\u2019anello pi\u00f9 importante. Per loro si sono attivate le Certificazioni di qualit\u00e0, cos\u00ec come il miglioramento gestionale.\",\"breadcrumb\":{\"@id\":\"https:\/\/www.terrecevico.com\/en\/certifications\/#breadcrumb\"},\"inLanguage\":\"en-US\",\"potentialAction\":[{\"@type\":\"ReadAction\",\"target\":[\"https:\/\/www.terrecevico.com\/en\/certifications\/\"]}]},{\"@type\":\"ImageObject\",\"inLanguage\":\"en-US\",\"@id\":\"https:\/\/www.terrecevico.com\/en\/certifications\/#primaryimage\",\"url\":\"https:\/\/www.terrecevico.com\/wp-content\/uploads\/2019\/01\/certificazioni_visual.jpg\",\"contentUrl\":\"https:\/\/www.terrecevico.com\/wp-content\/uploads\/2019\/01\/certificazioni_visual.jpg\",\"width\":1400,\"height\":394},{\"@type\":\"BreadcrumbList\",\"@id\":\"https:\/\/www.terrecevico.com\/en\/certifications\/#breadcrumb\",\"itemListElement\":[{\"@type\":\"ListItem\",\"position\":1,\"name\":\"Home\",\"item\":\"https:\/\/www.terrecevico.com\/en\/\"},{\"@type\":\"ListItem\",\"position\":2,\"name\":\"Certifications\"}]},{\"@type\":\"WebSite\",\"@id\":\"https:\/\/www.terrecevico.com\/en\/#website\",\"url\":\"https:\/\/www.terrecevico.com\/en\/\",\"name\":\"Terre Cevico\",\"description\":\"\",\"publisher\":{\"@id\":\"https:\/\/www.terrecevico.com\/en\/#organization\"},\"potentialAction\":[{\"@type\":\"SearchAction\",\"target\":{\"@type\":\"EntryPoint\",\"urlTemplate\":\"https:\/\/www.terrecevico.com\/en\/?s={search_term_string}\"},\"query-input\":{\"@type\":\"PropertyValueSpecification\",\"valueRequired\":true,\"valueName\":\"search_term_string\"}}],\"inLanguage\":\"en-US\"},{\"@type\":\"Organization\",\"@id\":\"https:\/\/www.terrecevico.com\/en\/#organization\",\"name\":\"Gruppo Terre Cevico\",\"url\":\"https:\/\/www.terrecevico.com\/en\/\",\"logo\":{\"@type\":\"ImageObject\",\"inLanguage\":\"en-US\",\"@id\":\"https:\/\/www.terrecevico.com\/en\/#\/schema\/logo\/image\/\",\"url\":\"https:\/\/www.terrecevico.com\/wp-content\/uploads\/2018\/11\/cevico_favicon.png\",\"contentUrl\":\"https:\/\/www.terrecevico.com\/wp-content\/uploads\/2018\/11\/cevico_favicon.png\",\"width\":512,\"height\":512,\"caption\":\"Gruppo Terre Cevico\"},\"image\":{\"@id\":\"https:\/\/www.terrecevico.com\/en\/#\/schema\/logo\/image\/\"}}]}<\/script>\n<!-- \/ Yoast SEO plugin. -->","yoast_head_json":{"title":"Lo facciamo per i nostri clienti e consumatori | Certificazioni | Terre Cevico","description":"Clienti e consumatori costituiscono l\u2019anello pi\u00f9 importante. Per loro si sono attivate le Certificazioni di qualit\u00e0, cos\u00ec come il miglioramento gestionale.","robots":{"index":"index","follow":"follow","max-snippet":"max-snippet:-1","max-image-preview":"max-image-preview:large","max-video-preview":"max-video-preview:-1"},"canonical":"https:\/\/www.terrecevico.com\/en\/certifications\/","og_locale":"en_US","og_type":"article","og_title":"Lo facciamo per i nostri clienti e consumatori | Certificazioni | Terre Cevico","og_description":"Clienti e consumatori costituiscono l\u2019anello pi\u00f9 importante. Per loro si sono attivate le Certificazioni di qualit\u00e0, cos\u00ec come il miglioramento gestionale.","og_url":"https:\/\/www.terrecevico.com\/en\/certifications\/","og_site_name":"Terre Cevico","article_modified_time":"2026-02-11T10:41:47+00:00","og_image":[{"width":1400,"height":394,"url":"https:\/\/www.terrecevico.com\/wp-content\/uploads\/2019\/01\/certificazioni_visual.jpg","type":"image\/jpeg"}],"twitter_card":"summary_large_image","twitter_misc":{"Est. reading time":"1 minute"},"schema":{"@context":"https:\/\/schema.org","@graph":[{"@type":"WebPage","@id":"https:\/\/www.terrecevico.com\/en\/certifications\/","url":"https:\/\/www.terrecevico.com\/en\/certifications\/","name":"Lo facciamo per i nostri clienti e consumatori | Certificazioni | Terre Cevico","isPartOf":{"@id":"https:\/\/www.terrecevico.com\/en\/#website"},"primaryImageOfPage":{"@id":"https:\/\/www.terrecevico.com\/en\/certifications\/#primaryimage"},"image":{"@id":"https:\/\/www.terrecevico.com\/en\/certifications\/#primaryimage"},"thumbnailUrl":"https:\/\/www.terrecevico.com\/wp-content\/uploads\/2019\/01\/certificazioni_visual.jpg","datePublished":"2019-11-25T16:08:51+00:00","dateModified":"2026-02-11T10:41:47+00:00","description":"Clienti e consumatori costituiscono l\u2019anello pi\u00f9 importante. Per loro si sono attivate le Certificazioni di qualit\u00e0, cos\u00ec come il miglioramento gestionale.","breadcrumb":{"@id":"https:\/\/www.terrecevico.com\/en\/certifications\/#breadcrumb"},"inLanguage":"en-US","potentialAction":[{"@type":"ReadAction","target":["https:\/\/www.terrecevico.com\/en\/certifications\/"]}]},{"@type":"ImageObject","inLanguage":"en-US","@id":"https:\/\/www.terrecevico.com\/en\/certifications\/#primaryimage","url":"https:\/\/www.terrecevico.com\/wp-content\/uploads\/2019\/01\/certificazioni_visual.jpg","contentUrl":"https:\/\/www.terrecevico.com\/wp-content\/uploads\/2019\/01\/certificazioni_visual.jpg","width":1400,"height":394},{"@type":"BreadcrumbList","@id":"https:\/\/www.terrecevico.com\/en\/certifications\/#breadcrumb","itemListElement":[{"@type":"ListItem","position":1,"name":"Home","item":"https:\/\/www.terrecevico.com\/en\/"},{"@type":"ListItem","position":2,"name":"Certifications"}]},{"@type":"WebSite","@id":"https:\/\/www.terrecevico.com\/en\/#website","url":"https:\/\/www.terrecevico.com\/en\/","name":"Terre Cevico","description":"","publisher":{"@id":"https:\/\/www.terrecevico.com\/en\/#organization"},"potentialAction":[{"@type":"SearchAction","target":{"@type":"EntryPoint","urlTemplate":"https:\/\/www.terrecevico.com\/en\/?s={search_term_string}"},"query-input":{"@type":"PropertyValueSpecification","valueRequired":true,"valueName":"search_term_string"}}],"inLanguage":"en-US"},{"@type":"Organization","@id":"https:\/\/www.terrecevico.com\/en\/#organization","name":"Gruppo Terre Cevico","url":"https:\/\/www.terrecevico.com\/en\/","logo":{"@type":"ImageObject","inLanguage":"en-US","@id":"https:\/\/www.terrecevico.com\/en\/#\/schema\/logo\/image\/","url":"https:\/\/www.terrecevico.com\/wp-content\/uploads\/2018\/11\/cevico_favicon.png","contentUrl":"https:\/\/www.terrecevico.com\/wp-content\/uploads\/2018\/11\/cevico_favicon.png","width":512,"height":512,"caption":"Gruppo Terre Cevico"},"image":{"@id":"https:\/\/www.terrecevico.com\/en\/#\/schema\/logo\/image\/"}}]}},"wps_subtitle":"We do  everything for  our clients and  the end consumer","_links":{"self":[{"href":"https:\/\/www.terrecevico.com\/en\/wp-json\/wp\/v2\/pages\/20735","targetHints":{"allow":["GET"]}}],"collection":[{"href":"https:\/\/www.terrecevico.com\/en\/wp-json\/wp\/v2\/pages"}],"about":[{"href":"https:\/\/www.terrecevico.com\/en\/wp-json\/wp\/v2\/types\/page"}],"author":[{"embeddable":true,"href":"https:\/\/www.terrecevico.com\/en\/wp-json\/wp\/v2\/users\/1"}],"replies":[{"embeddable":true,"href":"https:\/\/www.terrecevico.com\/en\/wp-json\/wp\/v2\/comments?post=20735"}],"version-history":[{"count":48,"href":"https:\/\/www.terrecevico.com\/en\/wp-json\/wp\/v2\/pages\/20735\/revisions"}],"predecessor-version":[{"id":27339,"href":"https:\/\/www.terrecevico.com\/en\/wp-json\/wp\/v2\/pages\/20735\/revisions\/27339"}],"wp:featuredmedia":[{"embeddable":true,"href":"https:\/\/www.terrecevico.com\/en\/wp-json\/wp\/v2\/media\/11833"}],"wp:attachment":[{"href":"https:\/\/www.terrecevico.com\/en\/wp-json\/wp\/v2\/media?parent=20735"}],"curies":[{"name":"wp","href":"https:\/\/api.w.org\/{rel}","templated":true}]}}